{"id":344,"date":"2023-05-29T17:33:29","date_gmt":"2023-05-29T15:33:29","guid":{"rendered":"https:\/\/polskipsychotraumatolog.pl\/?page_id=344"},"modified":"2023-05-29T17:33:29","modified_gmt":"2023-05-29T15:33:29","slug":"psychoterapia-poznawczo-behawioralna-online","status":"publish","type":"page","link":"https:\/\/polskipsychotraumatolog.pl\/?page_id=344","title":{"rendered":"Psychoterapia Poznawczo-Behawioralna online"},"content":{"rendered":"\n<p><\/p>\n\n\n\n<p><\/p>\n\n\n\n<p class=\"has-text-align-center\">Mamy wielkie szcz\u0119\u015bcie, \u017ce to, co by\u0142o niemo\u017cliwe jeszcze 10, 20 lat temu jest dla nas dzi\u015b dost\u0119pne. <\/p>\n\n\n\n<p><\/p>\n\n\n\n<h2 class=\"wp-block-heading\">Terapia on-line to pomoc dla:<\/h2>\n\n\n\n<ul class=\"wp-block-list\">\n<li>os\u00f3b mieszkaj\u0105cych za granic\u0105 lub daleko od du\u017cych o\u015brodk\u00f3w miejskich,<\/li>\n\n\n\n<li>os\u00f3b niemog\u0105cych przyj\u015b\u0107 po pomoc z powodu silnego l\u0119ku przed wychodzeniem z domu,<\/li>\n\n\n\n<li>os\u00f3b do\u015bwiadczaj\u0105cych przemocy domowej i zamkni\u0119tych w domu przez partnera lub opiekuna,<\/li>\n\n\n\n<li>os\u00f3b z niepe\u0142nosprawno\u015bci\u0105, kt\u00f3rym ci\u0119\u017cko si\u0119 przemieszcza\u0107,<\/li>\n\n\n\n<li>os\u00f3b choruj\u0105cych, po wypadkach, po operacji, w po\u0142ogu, dla kt\u00f3rych wyprawa do psychologa jest aktualnie zbyt du\u017cym wysi\u0142kiem,<\/li>\n\n\n\n<li>os\u00f3b, kt\u00f3re cz\u0119sto zmieniaj\u0105 miejsce pobytu<\/li>\n<\/ul>\n\n\n\n<h2 class=\"wp-block-heading\">Co jest potrzebne?<\/h2>\n\n\n\n<ul class=\"wp-block-list\">\n<li>Dobrej jako\u015bci \u0142\u0105cze internetowe<\/li>\n\n\n\n<li>Sprawny mikrofon i kamera<\/li>\n\n\n\n<li>Zaciszne miejsce np.:<br>pomieszczenie, w kt\u00f3rym mo\u017cna si\u0119 zamkn\u0105\u0107 i nie by\u0107 s\u0142yszanym z zewn\u0105trz,<br>samoch\u00f3d,<br>biuro, gdy ju\u017c albo jeszcze nie ma nikogo w pracy.<br>Gdy warunki s\u0105 wyj\u0105tkowo trudne, mo\u017ce by\u0107 to odosobnione miejsce na zewn\u0105trz. Rozwi\u0105zanie to dedykowane jest jednak przede wszystkim osobom do\u015bwiadczaj\u0105cym przemocy domowej.<\/li>\n<\/ul>\n","protected":false},"excerpt":{"rendered":"<p>Mamy wielkie szcz\u0119\u015bcie, \u017ce to, co by\u0142o niemo\u017cliwe jeszcze 10, 20 lat temu jest dla nas dzi\u015b dost\u0119pne. Terapia on-line to pomoc dla: Co jest potrzebne?<\/p>\n","protected":false},"author":1,"featured_media":0,"parent":0,"menu_order":0,"comment_status":"closed","ping_status":"closed","template":"","meta":{"footnotes":""},"class_list":["post-344","page","type-page","status-publish","hentry"],"_links":{"self":[{"href":"https:\/\/polskipsychotraumatolog.pl\/index.php?rest_route=\/wp\/v2\/pages\/344","targetHints":{"allow":["GET"]}}],"collection":[{"href":"https:\/\/polskipsychotraumatolog.pl\/index.php?rest_route=\/wp\/v2\/pages"}],"about":[{"href":"https:\/\/polskipsychotraumatolog.pl\/index.php?rest_route=\/wp\/v2\/types\/page"}],"author":[{"embeddable":true,"href":"https:\/\/polskipsychotraumatolog.pl\/index.php?rest_route=\/wp\/v2\/users\/1"}],"replies":[{"embeddable":true,"href":"https:\/\/polskipsychotraumatolog.pl\/index.php?rest_route=%2Fwp%2Fv2%2Fcomments&post=344"}],"version-history":[{"count":1,"href":"https:\/\/polskipsychotraumatolog.pl\/index.php?rest_route=\/wp\/v2\/pages\/344\/revisions"}],"predecessor-version":[{"id":345,"href":"https:\/\/polskipsychotraumatolog.pl\/index.php?rest_route=\/wp\/v2\/pages\/344\/revisions\/345"}],"wp:attachment":[{"href":"https:\/\/polskipsychotraumatolog.pl\/index.php?rest_route=%2Fwp%2Fv2%2Fmedia&parent=344"}],"curies":[{"name":"wp","href":"https:\/\/api.w.org\/{rel}","templated":true}]}}