{"id":318,"date":"2023-02-05T17:29:25","date_gmt":"2023-02-05T16:29:25","guid":{"rendered":"https:\/\/polskipsychotraumatolog.pl\/?page_id=318"},"modified":"2023-05-29T17:10:47","modified_gmt":"2023-05-29T15:10:47","slug":"warsztaty","status":"publish","type":"page","link":"https:\/\/polskipsychotraumatolog.pl\/?page_id=318","title":{"rendered":"Bezp\u0142atne Warsztaty Online"},"content":{"rendered":"\n<p><\/p>\n\n\n\n<p class=\"has-text-align-left\"><br>Jako polski psycholog w Oslo staram si\u0119 dzia\u0142a\u0107 na rzecz norweskiej Polonii w moim mie\u015bcie. Warszaty przeznaczone s\u0105 dla ch\u0119tnych z ca\u0142ego \u015bwiata, a szczeg\u00f3lnie mile widziani s\u0105 Polacy z Oslo i okolic. Mam nadziej\u0119, \u017ce niebawem uda nam si\u0119 zrobi\u0107 spotkanie na \u017cywo. Tymczasem na naszych cyklicznych spotkania online pojawiaj\u0105 si\u0119 polscy emigrancji z ca\u0142ej europy. Dzi\u0119ki temu mo\u017cemy wymieni\u0107 si\u0119 do\u015bwiadczeniami i obserwcajami.<\/p>\n\n\n\n<p class=\"has-text-align-center\"><br>Harmonogram:<\/p>\n\n\n\n<p><br><strong>26.02.2023 o 18:00 &#8211; \u201eO UNIKANIU\u201d <\/strong><\/p>\n\n\n\n<figure class=\"wp-block-image size-large is-resized\"><img loading=\"lazy\" decoding=\"async\" src=\"https:\/\/polskipsychotraumatolog.pl\/wp-content\/uploads\/2023\/02\/BEZPLATNE-Psychologiczne-Warszawaty-Samorozwojowei-ONLINE-4-1-1024x577.png\" alt=\"\" class=\"wp-image-320\" width=\"366\" height=\"205\" srcset=\"https:\/\/polskipsychotraumatolog.pl\/wp-content\/uploads\/2023\/02\/BEZPLATNE-Psychologiczne-Warszawaty-Samorozwojowei-ONLINE-4-1-1024x577.png 1024w, https:\/\/polskipsychotraumatolog.pl\/wp-content\/uploads\/2023\/02\/BEZPLATNE-Psychologiczne-Warszawaty-Samorozwojowei-ONLINE-4-1-300x169.png 300w, https:\/\/polskipsychotraumatolog.pl\/wp-content\/uploads\/2023\/02\/BEZPLATNE-Psychologiczne-Warszawaty-Samorozwojowei-ONLINE-4-1-768x433.png 768w, https:\/\/polskipsychotraumatolog.pl\/wp-content\/uploads\/2023\/02\/BEZPLATNE-Psychologiczne-Warszawaty-Samorozwojowei-ONLINE-4-1-1536x865.png 1536w, https:\/\/polskipsychotraumatolog.pl\/wp-content\/uploads\/2023\/02\/BEZPLATNE-Psychologiczne-Warszawaty-Samorozwojowei-ONLINE-4-1.png 1640w\" sizes=\"auto, (max-width: 366px) 100vw, 366px\" \/><\/figure>\n\n\n\n<p><\/p>\n\n\n\n<p><strong>19.03.2023 o 18:00- &#8222;O INTELIGENCJI EMOCJONALNEJ<\/strong>&#8222;<\/p>\n\n\n\n<figure class=\"wp-block-image size-large is-resized\"><img loading=\"lazy\" decoding=\"async\" src=\"https:\/\/polskipsychotraumatolog.pl\/wp-content\/uploads\/2023\/02\/II-BEZPLATNE-Psychologiczne-Warszawaty-Samorozwojowei-ONLINE-2-1024x577.png\" alt=\"\" class=\"wp-image-319\" width=\"367\" height=\"206\" srcset=\"https:\/\/polskipsychotraumatolog.pl\/wp-content\/uploads\/2023\/02\/II-BEZPLATNE-Psychologiczne-Warszawaty-Samorozwojowei-ONLINE-2-1024x577.png 1024w, https:\/\/polskipsychotraumatolog.pl\/wp-content\/uploads\/2023\/02\/II-BEZPLATNE-Psychologiczne-Warszawaty-Samorozwojowei-ONLINE-2-300x169.png 300w, https:\/\/polskipsychotraumatolog.pl\/wp-content\/uploads\/2023\/02\/II-BEZPLATNE-Psychologiczne-Warszawaty-Samorozwojowei-ONLINE-2-768x433.png 768w, https:\/\/polskipsychotraumatolog.pl\/wp-content\/uploads\/2023\/02\/II-BEZPLATNE-Psychologiczne-Warszawaty-Samorozwojowei-ONLINE-2-1536x865.png 1536w, https:\/\/polskipsychotraumatolog.pl\/wp-content\/uploads\/2023\/02\/II-BEZPLATNE-Psychologiczne-Warszawaty-Samorozwojowei-ONLINE-2.png 1640w\" sizes=\"auto, (max-width: 367px) 100vw, 367px\" \/><\/figure>\n\n\n\n<p><\/p>\n\n\n\n<p><strong>2.07.2023 o 17:00- &#8222;<\/strong>O STRESIE I TRAUMIE&#8221;<\/p>\n\n\n\n<figure class=\"wp-block-image size-large is-resized\"><img loading=\"lazy\" decoding=\"async\" src=\"https:\/\/polskipsychotraumatolog.pl\/wp-content\/uploads\/2023\/05\/III-BEZPLATNE-Psychologiczne-Warszawaty-Samorozwojowei-ONLINE-1-1024x577.png\" alt=\"\" class=\"wp-image-336\" width=\"368\" height=\"207\" srcset=\"https:\/\/polskipsychotraumatolog.pl\/wp-content\/uploads\/2023\/05\/III-BEZPLATNE-Psychologiczne-Warszawaty-Samorozwojowei-ONLINE-1-1024x577.png 1024w, https:\/\/polskipsychotraumatolog.pl\/wp-content\/uploads\/2023\/05\/III-BEZPLATNE-Psychologiczne-Warszawaty-Samorozwojowei-ONLINE-1-300x169.png 300w, https:\/\/polskipsychotraumatolog.pl\/wp-content\/uploads\/2023\/05\/III-BEZPLATNE-Psychologiczne-Warszawaty-Samorozwojowei-ONLINE-1-768x433.png 768w, https:\/\/polskipsychotraumatolog.pl\/wp-content\/uploads\/2023\/05\/III-BEZPLATNE-Psychologiczne-Warszawaty-Samorozwojowei-ONLINE-1-1536x865.png 1536w, https:\/\/polskipsychotraumatolog.pl\/wp-content\/uploads\/2023\/05\/III-BEZPLATNE-Psychologiczne-Warszawaty-Samorozwojowei-ONLINE-1.png 1640w\" sizes=\"auto, (max-width: 368px) 100vw, 368px\" \/><\/figure>\n\n\n\n<p><\/p>\n\n\n\n<p>O PROJEKCIE: <\/p>\n\n\n\n<p>Jest to cykl Psychologicznych Warsztat\u00f3w Samorozwojowych. <br>Spotkania maj\u0105 form\u0119 online (przez Google Meet) i s\u0105 ca\u0142kowicie bezp\u0142atne. <br>Nie jest to ani grupa terapeutyczna, ani ca\u0142o\u015bciowy kurs psychologii. Spotkania maj\u0105 form\u0119 zbli\u017con\u0105 do webinarium, ale zawieraj\u0105 du\u017co wi\u0119cej dyskusji i \u0107wicze\u0144. <\/p>\n\n\n\n<p>Psychologiczne Warsztaty Samorozwojowe \u2013 s\u0105 \u201ePsychologiczne\u201d, bo si\u0119gamy do wiedzy akademickiej (nie z popularnych poradnik\u00f3w) potwierdzonej badaniami i pochodz\u0105cej z wiarygodnych \u017ar\u00f3de\u0142. <\/p>\n\n\n\n<p>Psychologiczne Warsztaty Samorozwojowe \u2013 s\u0105 \u201eWarsztatami\u201d, bo uczymy si\u0119 przez zadawanie sobie samemu pyta\u0144, dyskusj\u0119, odnoszenie wiedzy do w\u0142asnego \u017cycia i kultury masowej. Kto chce, mo\u017ce si\u0119 wypowiada\u0107, kto nie chce, nie musi. Ka\u017cdy jednak b\u0119dzie potrzebowa\u0142 kartki i d\u0142ugopisu. \ud83d\ude0a <\/p>\n\n\n\n<p>Psychologiczne Warsztaty Samorozwojowe \u2013 s\u0105 \u201eSamorozwojowe\u201d, bo ucz\u0105 rozpoznawania, rozumienia i zmieniania naszych w\u0142asnych zachowa\u0144, kt\u00f3re nam przeszkadzaj\u0105 w \u017cyciu. S\u0142u\u017c\u0105 rozwijaniu nowych umiej\u0119tno\u015bci i wskazuj\u0105 jak to robi\u0107, \u017ceby si\u0119 uda\u0142o. <\/p>\n\n\n\n<p>DLA KOGO: <\/p>\n\n\n\n<p>Warsztaty organizowane s\u0105 specjalnie z my\u015bl\u0105 o Polkach i Polakach mieszkaj\u0105cych w Oslo. Oznacza to, \u017ce osoby mieszkaj\u0105ce poza Oslo lub poza Norwegi\u0105 mog\u0105 zapisa\u0107 si\u0119 na list\u0119 rezerwow\u0105 i do\u0142\u0105czy\u0107 je\u015bli zwolni si\u0119 miejsce. <\/p>\n\n\n\n<p>UCZESTNICTWO: <\/p>\n\n\n\n<p>Uczestnictwo wymaga zapisania si\u0119 i otrzymania mailowo linku do spotkania w Google Meet. Udzia\u0142 w Warsztacie jest BEZP\u0141ATNY. Liczba miejsc jest ograniczona. <\/p>\n\n\n\n<p>JAK SI\u0118 ZAPISA\u0106?: <\/p>\n\n\n\n<p>Maila zg\u0142oszeniowego nale\u017cy wys\u0142a\u0107 pod adres: weronikamariabauer@gmail.com W mailu nale\u017cy poda\u0107: Imi\u0119 i nazwisko, miejscowo\u015b\u0107 zamieszkania oraz dat\u0119 lub temat Warsztatu.<\/p>\n","protected":false},"excerpt":{"rendered":"<p>Jako polski psycholog w Oslo staram si\u0119 dzia\u0142a\u0107 na rzecz norweskiej Polonii w moim mie\u015bcie. Warszaty przeznaczone s\u0105 dla ch\u0119tnych z ca\u0142ego \u015bwiata, a szczeg\u00f3lnie mile widziani s\u0105 Polacy z Oslo i okolic. Mam nadziej\u0119, \u017ce niebawem uda nam si\u0119 zrobi\u0107 spotkanie na \u017cywo. Tymczasem na naszych cyklicznych spotkania online pojawiaj\u0105 si\u0119 polscy emigrancji z &hellip; <\/p>\n<p class=\"link-more\"><a href=\"https:\/\/polskipsychotraumatolog.pl\/?page_id=318\" class=\"more-link\">Czytaj dalej<span class=\"screen-reader-text\"> \u201eBezp\u0142atne Warsztaty Online\u201d<\/span><\/a><\/p>\n","protected":false},"author":1,"featured_media":0,"parent":0,"menu_order":0,"comment_status":"closed","ping_status":"closed","template":"","meta":{"footnotes":""},"class_list":["post-318","page","type-page","status-publish","hentry"],"_links":{"self":[{"href":"https:\/\/polskipsychotraumatolog.pl\/index.php?rest_route=\/wp\/v2\/pages\/318","targetHints":{"allow":["GET"]}}],"collection":[{"href":"https:\/\/polskipsychotraumatolog.pl\/index.php?rest_route=\/wp\/v2\/pages"}],"about":[{"href":"https:\/\/polskipsychotraumatolog.pl\/index.php?rest_route=\/wp\/v2\/types\/page"}],"author":[{"embeddable":true,"href":"https:\/\/polskipsychotraumatolog.pl\/index.php?rest_route=\/wp\/v2\/users\/1"}],"replies":[{"embeddable":true,"href":"https:\/\/polskipsychotraumatolog.pl\/index.php?rest_route=%2Fwp%2Fv2%2Fcomments&post=318"}],"version-history":[{"count":8,"href":"https:\/\/polskipsychotraumatolog.pl\/index.php?rest_route=\/wp\/v2\/pages\/318\/revisions"}],"predecessor-version":[{"id":341,"href":"https:\/\/polskipsychotraumatolog.pl\/index.php?rest_route=\/wp\/v2\/pages\/318\/revisions\/341"}],"wp:attachment":[{"href":"https:\/\/polskipsychotraumatolog.pl\/index.php?rest_route=%2Fwp%2Fv2%2Fmedia&parent=318"}],"curies":[{"name":"wp","href":"https:\/\/api.w.org\/{rel}","templated":true}]}}