{"id":265,"date":"2021-04-23T17:23:10","date_gmt":"2021-04-23T15:23:10","guid":{"rendered":"https:\/\/polskipsychotraumatolog.pl\/?page_id=265"},"modified":"2023-02-05T17:08:11","modified_gmt":"2023-02-05T16:08:11","slug":"strona-glowna","status":"publish","type":"page","link":"https:\/\/polskipsychotraumatolog.pl\/","title":{"rendered":"Strona g\u0142\u00f3wna"},"content":{"rendered":"<div class=\"wp-block-image is-style-rounded\">\n<figure class=\"aligncenter size-large is-resized\"><img loading=\"lazy\" decoding=\"async\" src=\"https:\/\/polskipsychotraumatolog.pl\/wp-content\/uploads\/2021\/09\/kwadrat-1024x1024.jpeg\" alt=\"\" class=\"wp-image-298\" width=\"209\" height=\"209\" srcset=\"https:\/\/polskipsychotraumatolog.pl\/wp-content\/uploads\/2021\/09\/kwadrat-1024x1024.jpeg 1024w, https:\/\/polskipsychotraumatolog.pl\/wp-content\/uploads\/2021\/09\/kwadrat-300x300.jpeg 300w, https:\/\/polskipsychotraumatolog.pl\/wp-content\/uploads\/2021\/09\/kwadrat-150x150.jpeg 150w, https:\/\/polskipsychotraumatolog.pl\/wp-content\/uploads\/2021\/09\/kwadrat-768x768.jpeg 768w, https:\/\/polskipsychotraumatolog.pl\/wp-content\/uploads\/2021\/09\/kwadrat-1536x1536.jpeg 1536w, https:\/\/polskipsychotraumatolog.pl\/wp-content\/uploads\/2021\/09\/kwadrat-2048x2048.jpeg 2048w, https:\/\/polskipsychotraumatolog.pl\/wp-content\/uploads\/2021\/09\/kwadrat-100x100.jpeg 100w\" sizes=\"auto, (max-width: 209px) 100vw, 209px\" \/><\/figure>\n<\/div>\n\n\n<p class=\"has-text-align-center\">Nazywam si\u0119 Weronika Bauer i jestem specjalist\u0105 leczenia Zespo\u0142u Stresu Pourazowego (PTSD), psychologii uczenia si\u0119 i Psychoterapii Poznawczo-Behawioralnej (CBT). Posiadam dyplom mgr. Psychologii spec. klinicznej oraz certyfikat Terapeuty EMDR wydany przez EMDR Europe.<\/p>\n\n\n\n<p class=\"has-text-align-center\">Przyjmuj\u0119 stacjonarnie w Oslo lub online. <br>Pracuj\u0119 z Polakami i osobami polskoj\u0119zycznymi mieszkaj\u0105cymi w Polsce i za granic\u0105.<\/p>\n","protected":false},"excerpt":{"rendered":"<p>Nazywam si\u0119 Weronika Bauer i jestem specjalist\u0105 leczenia Zespo\u0142u Stresu Pourazowego (PTSD), psychologii uczenia si\u0119 i Psychoterapii Poznawczo-Behawioralnej (CBT). Posiadam dyplom mgr. Psychologii spec. klinicznej oraz certyfikat Terapeuty EMDR wydany przez EMDR Europe. Przyjmuj\u0119 stacjonarnie w Oslo lub online. Pracuj\u0119 z Polakami i osobami polskoj\u0119zycznymi mieszkaj\u0105cymi w Polsce i za granic\u0105.<\/p>\n","protected":false},"author":1,"featured_media":0,"parent":0,"menu_order":0,"comment_status":"closed","ping_status":"closed","template":"","meta":{"footnotes":""},"class_list":["post-265","page","type-page","status-publish","hentry"],"_links":{"self":[{"href":"https:\/\/polskipsychotraumatolog.pl\/index.php?rest_route=\/wp\/v2\/pages\/265","targetHints":{"allow":["GET"]}}],"collection":[{"href":"https:\/\/polskipsychotraumatolog.pl\/index.php?rest_route=\/wp\/v2\/pages"}],"about":[{"href":"https:\/\/polskipsychotraumatolog.pl\/index.php?rest_route=\/wp\/v2\/types\/page"}],"author":[{"embeddable":true,"href":"https:\/\/polskipsychotraumatolog.pl\/index.php?rest_route=\/wp\/v2\/users\/1"}],"replies":[{"embeddable":true,"href":"https:\/\/polskipsychotraumatolog.pl\/index.php?rest_route=%2Fwp%2Fv2%2Fcomments&post=265"}],"version-history":[{"count":10,"href":"https:\/\/polskipsychotraumatolog.pl\/index.php?rest_route=\/wp\/v2\/pages\/265\/revisions"}],"predecessor-version":[{"id":317,"href":"https:\/\/polskipsychotraumatolog.pl\/index.php?rest_route=\/wp\/v2\/pages\/265\/revisions\/317"}],"wp:attachment":[{"href":"https:\/\/polskipsychotraumatolog.pl\/index.php?rest_route=%2Fwp%2Fv2%2Fmedia&parent=265"}],"curies":[{"name":"wp","href":"https:\/\/api.w.org\/{rel}","templated":true}]}}