{"id":2,"date":"2021-03-27T09:14:01","date_gmt":"2021-03-27T08:14:01","guid":{"rendered":"http:\/\/polskipsychotraumatolog.pl\/?page_id=2"},"modified":"2023-02-05T17:43:53","modified_gmt":"2023-02-05T16:43:53","slug":"przykladowa-strona","status":"publish","type":"page","link":"https:\/\/polskipsychotraumatolog.pl\/?page_id=2","title":{"rendered":"O mnie"},"content":{"rendered":"<div class=\"wp-block-image is-style-rounded\">\n<figure class=\"aligncenter size-large is-resized\"><img loading=\"lazy\" decoding=\"async\" src=\"https:\/\/polskipsychotraumatolog.pl\/wp-content\/uploads\/2021\/09\/kwadrat-1024x1024.jpeg\" alt=\"\" class=\"wp-image-298\" width=\"192\" height=\"192\" srcset=\"https:\/\/polskipsychotraumatolog.pl\/wp-content\/uploads\/2021\/09\/kwadrat-1024x1024.jpeg 1024w, https:\/\/polskipsychotraumatolog.pl\/wp-content\/uploads\/2021\/09\/kwadrat-300x300.jpeg 300w, https:\/\/polskipsychotraumatolog.pl\/wp-content\/uploads\/2021\/09\/kwadrat-150x150.jpeg 150w, https:\/\/polskipsychotraumatolog.pl\/wp-content\/uploads\/2021\/09\/kwadrat-768x768.jpeg 768w, https:\/\/polskipsychotraumatolog.pl\/wp-content\/uploads\/2021\/09\/kwadrat-1536x1536.jpeg 1536w, https:\/\/polskipsychotraumatolog.pl\/wp-content\/uploads\/2021\/09\/kwadrat-2048x2048.jpeg 2048w, https:\/\/polskipsychotraumatolog.pl\/wp-content\/uploads\/2021\/09\/kwadrat-100x100.jpeg 100w\" sizes=\"auto, (max-width: 192px) 100vw, 192px\" \/><\/figure>\n<\/div>\n\n\n<p>Nazywam si\u0119 Weronika Bauer, mieszkam w Oslo i zajmuj\u0119 si\u0119 psychoterapi\u0105 oraz interwencj\u0105 kryzysow\u0105. Moje zainteresowania psychologiczne koncentruj\u0105 si\u0119 wok\u00f3\u0142 naukowych koncepcji dotycz\u0105cych: stresu, traumy, psychologii od\u017cywiania si\u0119 oraz psychologii zwierz\u0105t. <\/p>\n\n\n\n<p>Moje poza-psychologiczne wykszta\u0142cenie (masa\u017c klasyczny-leczniczy i behawiorystyka) sprawi\u0105, \u017ce w swojej pracy dodatkowy nacisk k\u0142ad\u0119 na \u015bwiadomo\u015b\u0107: cia\u0142a, napi\u0119cia mi\u0119\u015bni i innych fizjologicznych objaw\u00f3w stanu psychicznego. Moje podej\u015bcie jest mocno osadzone w biologii, dlatego szczeg\u00f3ln\u0105 uwag\u0119 przyk\u0142adam do kwestii takich jak zdrowie somatyczne, badania okresowe, prawid\u0142owy sen i od\u017cywianie. Dlatego te\u017c wci\u0105\u017c kszta\u0142c\u0119 si\u0119 w ramach studi\u00f3w podyplomowych, konferencji i szkole\u0144. <\/p>\n\n\n\n<h2 class=\"has-text-align-center wp-block-heading\">Podej\u015bcie terapeutyczne<\/h2>\n\n\n\n<p>Pos\u0142uguj\u0119 si\u0119 metodami o skuteczno\u015bci potwierdzonej badaniami. Jako psychotraumatolog jestem przygotowana do pracy wieloma narz\u0119dziami dedykowanymi osobom po traumie, rekomendowanymi przez instytucje takie jak: WHO, APA, NICE. S\u0105 to mi\u0119dzy innymi procedury poznawczo-behawioralne i EMDR. Podstawow\u0105 zasad\u0105 mojej pracy jest dostosowanie sposobu pracy do osoby, z kt\u00f3r\u0105 pracuj\u0119, a zatem podej\u015bcie indywidualne.<\/p>\n\n\n\n<h2 class=\"has-text-align-center wp-block-heading\">Superwizja i wsp\u00f3\u0142praca<\/h2>\n\n\n\n<p class=\"has-text-align-left\">Pracuj\u0119 pod superwizj\u0105. Wa\u017cne jest dla mnie, aby patrze\u0107 na problemy moich pacjent\u00f3w wieloaspektowo, dlatego \u015bci\u015ble wsp\u00f3\u0142pracuje z dietetykiem, seksuologiem klinicznym i lekarzem psychiatr\u0105.<\/p>\n\n\n\n<p><\/p>\n\n\n\n<p class=\"has-text-align-center\">Wi\u0119cej o mnie:<\/p>\n\n\n\n<p class=\"has-text-align-left\">Wykszta\u0142cenie: <\/p>\n\n\n\n<ul class=\"wp-block-list\">\n<li>Mgr. Psychologii spec. kliniczna (Akademia Pedagogiki Specjalnej w Warszawie) <\/li>\n\n\n\n<li>Terapeuta EMDR (PTT EMDR w Warszawie) <\/li>\n\n\n\n<li>Behawiorysta (Ethoplanet) <\/li>\n\n\n\n<li>Masa\u017cysta (Centrum Szkoleniowe Heros) <\/li>\n<\/ul>\n\n\n\n<p class=\"has-text-align-left\">Absolwentka studi\u00f3w podyplomowych: <\/p>\n\n\n\n<ul class=\"wp-block-list\">\n<li>Psychotraumatologia (Uniwersytet SWPS w Warszawie) <\/li>\n\n\n\n<li>Psychotraumatologia Zaawansowana (Uniwersytet SWPS w Warszawie) <\/li>\n\n\n\n<li>Psychologia Zwierz\u0105t (Uniwersytet SWPS w Poznaniu) <\/li>\n\n\n\n<li>Filozofia (Uniwersytet Warszawski) <\/li>\n<\/ul>\n\n\n\n<p class=\"has-text-align-left\">Obecnie w trakcie studi\u00f3w: <\/p>\n\n\n\n<ul class=\"wp-block-list\">\n<li>Psychodietetyka (Uniwersytet SWPS we Wroc\u0142awiu) <\/li>\n\n\n\n<li>Szko\u0142a Psychoterapii Poznawczo-Behawioralnej (Uniwersytet SWPS w Warszawie)<br><\/li>\n<\/ul>\n\n\n\n<p class=\"has-text-align-center\">Uwa\u017cam, \u017ce psycholog, podobnie jak lekarz, powinien uczy\u0107 si\u0119 i aktualizowa\u0107 swoj\u0105 wiedz\u0119 przez ca\u0142e \u017cycie. Dlatego uczestnicz\u0119 w konferencjach naukowych i szkoleniach prowadzonych przez \u015bwiatowej klasy ekspert\u00f3w. <br><br>Interesuj\u0119 si\u0119 cz\u0142owiekiem nie tylko od strony zaburze\u0144 klinicznych, lecz r\u00f3wnie\u017c psychologii spo\u0142ecznej, pedagogiki spo\u0142ecznej, socjologii, r\u00f3\u017cnic mi\u0119dzykulturowych i psychologii rozwoju.  Informacje o wybranych wydarzeniach, ksi\u0105\u017ckach, filmach i wyk\u0142adach z tych dziedzin publikuj\u0119 na <a href=\"https:\/\/www.facebook.com\/Weronika-Bauer-Polski-Psycholog-Psychotraumatolog-Terapeuta-EMDR-108600891316915\" data-type=\"URL\" data-id=\"https:\/\/www.facebook.com\/Weronika-Bauer-Polski-Psycholog-Psychotraumatolog-Terapeuta-EMDR-108600891316915\"><em>Facebooku<\/em><\/a>. Zapraszam.<\/p>\n","protected":false},"excerpt":{"rendered":"<p>Nazywam si\u0119 Weronika Bauer, mieszkam w Oslo i zajmuj\u0119 si\u0119 psychoterapi\u0105 oraz interwencj\u0105 kryzysow\u0105. Moje zainteresowania psychologiczne koncentruj\u0105 si\u0119 wok\u00f3\u0142 naukowych koncepcji dotycz\u0105cych: stresu, traumy, psychologii od\u017cywiania si\u0119 oraz psychologii zwierz\u0105t. Moje poza-psychologiczne wykszta\u0142cenie (masa\u017c klasyczny-leczniczy i behawiorystyka) sprawi\u0105, \u017ce w swojej pracy dodatkowy nacisk k\u0142ad\u0119 na \u015bwiadomo\u015b\u0107: cia\u0142a, napi\u0119cia mi\u0119\u015bni i innych fizjologicznych objaw\u00f3w &hellip; <\/p>\n<p class=\"link-more\"><a href=\"https:\/\/polskipsychotraumatolog.pl\/?page_id=2\" class=\"more-link\">Czytaj dalej<span class=\"screen-reader-text\"> \u201eO mnie\u201d<\/span><\/a><\/p>\n","protected":false},"author":1,"featured_media":0,"parent":0,"menu_order":0,"comment_status":"closed","ping_status":"open","template":"","meta":{"footnotes":""},"class_list":["post-2","page","type-page","status-publish","hentry"],"_links":{"self":[{"href":"https:\/\/polskipsychotraumatolog.pl\/index.php?rest_route=\/wp\/v2\/pages\/2","targetHints":{"allow":["GET"]}}],"collection":[{"href":"https:\/\/polskipsychotraumatolog.pl\/index.php?rest_route=\/wp\/v2\/pages"}],"about":[{"href":"https:\/\/polskipsychotraumatolog.pl\/index.php?rest_route=\/wp\/v2\/types\/page"}],"author":[{"embeddable":true,"href":"https:\/\/polskipsychotraumatolog.pl\/index.php?rest_route=\/wp\/v2\/users\/1"}],"replies":[{"embeddable":true,"href":"https:\/\/polskipsychotraumatolog.pl\/index.php?rest_route=%2Fwp%2Fv2%2Fcomments&post=2"}],"version-history":[{"count":33,"href":"https:\/\/polskipsychotraumatolog.pl\/index.php?rest_route=\/wp\/v2\/pages\/2\/revisions"}],"predecessor-version":[{"id":324,"href":"https:\/\/polskipsychotraumatolog.pl\/index.php?rest_route=\/wp\/v2\/pages\/2\/revisions\/324"}],"wp:attachment":[{"href":"https:\/\/polskipsychotraumatolog.pl\/index.php?rest_route=%2Fwp%2Fv2%2Fmedia&parent=2"}],"curies":[{"name":"wp","href":"https:\/\/api.w.org\/{rel}","templated":true}]}}