{"id":161,"date":"2021-03-28T18:34:43","date_gmt":"2021-03-28T16:34:43","guid":{"rendered":"http:\/\/polskipsychotraumatolog.pl\/?page_id=161"},"modified":"2023-05-29T17:28:12","modified_gmt":"2023-05-29T15:28:12","slug":"terapia-online","status":"publish","type":"page","link":"https:\/\/polskipsychotraumatolog.pl\/?page_id=161","title":{"rendered":"Terapia EMDR online"},"content":{"rendered":"<div class=\"wp-block-image is-style-rounded\">\n<figure class=\"aligncenter size-large is-resized\"><img loading=\"lazy\" decoding=\"async\" src=\"https:\/\/polskipsychotraumatolog.pl\/wp-content\/uploads\/2021\/03\/shutterstock_1854698491-K-1-1024x1024.jpg\" alt=\"\" class=\"wp-image-165\" width=\"199\" height=\"199\" srcset=\"https:\/\/polskipsychotraumatolog.pl\/wp-content\/uploads\/2021\/03\/shutterstock_1854698491-K-1-1024x1024.jpg 1024w, https:\/\/polskipsychotraumatolog.pl\/wp-content\/uploads\/2021\/03\/shutterstock_1854698491-K-1-300x300.jpg 300w, https:\/\/polskipsychotraumatolog.pl\/wp-content\/uploads\/2021\/03\/shutterstock_1854698491-K-1-150x150.jpg 150w, https:\/\/polskipsychotraumatolog.pl\/wp-content\/uploads\/2021\/03\/shutterstock_1854698491-K-1-768x768.jpg 768w, https:\/\/polskipsychotraumatolog.pl\/wp-content\/uploads\/2021\/03\/shutterstock_1854698491-K-1-1536x1536.jpg 1536w, https:\/\/polskipsychotraumatolog.pl\/wp-content\/uploads\/2021\/03\/shutterstock_1854698491-K-1-2048x2048.jpg 2048w, https:\/\/polskipsychotraumatolog.pl\/wp-content\/uploads\/2021\/03\/shutterstock_1854698491-K-1-100x100.jpg 100w\" sizes=\"auto, (max-width: 199px) 100vw, 199px\" \/><\/figure>\n<\/div>\n\n\n<p class=\"has-text-align-center\">Terapia EMDR online sta\u0142a si\u0119 bardziej popularna w okresie pandemii i okaza\u0142a si\u0119 r\u00f3wnie skuteczna, jako metoda leczenie PTSD, jak klasyczny EMDR. Jednak nie w ka\u017cdym przypadku terapia EMDR w formie online b\u0119dzie zalecana. Decyzj\u0119 podejmuje zawsze psychoterapeuta, po zapoznaniu si\u0119 z problemem i stanem pacjenta. Nawet je\u015bli w danym momencie u\u017cycie EMDR nie b\u0119dzie bezpieczne, mo\u017cliwa do zastosowania online b\u0119dzie z pewno\u015bci\u0105 psychoterapia poznawczo-behawioralna (CBT). <br><\/p>\n\n\n\n<h2 class=\"wp-block-heading has-text-align-center\">Terapia on-line to pomoc dla:<\/h2>\n\n\n\n<ul class=\"wp-block-list\">\n<li>os\u00f3b mieszkaj\u0105cych za granic\u0105 lub daleko od du\u017cych o\u015brodk\u00f3w miejskich,<\/li>\n\n\n\n<li>os\u00f3b niemog\u0105cych przyj\u015b\u0107 po pomoc z powodu silnego l\u0119ku przed wychodzeniem z domu,<\/li>\n\n\n\n<li>os\u00f3b do\u015bwiadczaj\u0105cych przemocy domowej i zamkni\u0119tych w domu przez partnera lub opiekuna,<\/li>\n\n\n\n<li>os\u00f3b z niepe\u0142nosprawno\u015bci\u0105, kt\u00f3rym ci\u0119\u017cko si\u0119 przemieszcza\u0107,<\/li>\n\n\n\n<li>os\u00f3b choruj\u0105cych, po wypadkach, po operacji, w po\u0142ogu, dla kt\u00f3rych wyprawa do psychologa jest aktualnie zbyt du\u017cym wysi\u0142kiem,<\/li>\n\n\n\n<li>os\u00f3b, kt\u00f3re cz\u0119sto zmieniaj\u0105 miejsce pobytu<\/li>\n<\/ul>\n\n\n\n<h2 class=\"wp-block-heading has-text-align-center\">Co jest potrzebne?<\/h2>\n\n\n\n<ul class=\"wp-block-list\">\n<li>Dobrej jako\u015bci \u0142\u0105cze internetowe<\/li>\n\n\n\n<li>Sprawny mikrofon i kamera<\/li>\n\n\n\n<li>Zaciszne miejsce np.:<br>pomieszczenie, w kt\u00f3rym mo\u017cna si\u0119 zamkn\u0105\u0107 i nie by\u0107 s\u0142yszanym z zewn\u0105trz, <br>samoch\u00f3d,<br>biuro, gdy ju\u017c albo jeszcze nie ma nikogo w pracy.<br>Gdy warunki s\u0105 wyj\u0105tkowo trudne, mo\u017ce by\u0107 to odosobnione miejsce na zewn\u0105trz. Rozwi\u0105zanie to dedykowane jest jednak przede wszystkim osobom do\u015bwiadczaj\u0105cym przemocy domowej.<\/li>\n<\/ul>\n\n\n\n<p><\/p>\n","protected":false},"excerpt":{"rendered":"<p>Terapia EMDR online sta\u0142a si\u0119 bardziej popularna w okresie pandemii i okaza\u0142a si\u0119 r\u00f3wnie skuteczna, jako metoda leczenie PTSD, jak klasyczny EMDR. Jednak nie w ka\u017cdym przypadku terapia EMDR w formie online b\u0119dzie zalecana. Decyzj\u0119 podejmuje zawsze psychoterapeuta, po zapoznaniu si\u0119 z problemem i stanem pacjenta. Nawet je\u015bli w danym momencie u\u017cycie EMDR nie b\u0119dzie &hellip; <\/p>\n<p class=\"link-more\"><a href=\"https:\/\/polskipsychotraumatolog.pl\/?page_id=161\" class=\"more-link\">Czytaj dalej<span class=\"screen-reader-text\"> \u201eTerapia EMDR online\u201d<\/span><\/a><\/p>\n","protected":false},"author":1,"featured_media":0,"parent":0,"menu_order":0,"comment_status":"closed","ping_status":"closed","template":"","meta":{"footnotes":""},"class_list":["post-161","page","type-page","status-publish","hentry"],"_links":{"self":[{"href":"https:\/\/polskipsychotraumatolog.pl\/index.php?rest_route=\/wp\/v2\/pages\/161","targetHints":{"allow":["GET"]}}],"collection":[{"href":"https:\/\/polskipsychotraumatolog.pl\/index.php?rest_route=\/wp\/v2\/pages"}],"about":[{"href":"https:\/\/polskipsychotraumatolog.pl\/index.php?rest_route=\/wp\/v2\/types\/page"}],"author":[{"embeddable":true,"href":"https:\/\/polskipsychotraumatolog.pl\/index.php?rest_route=\/wp\/v2\/users\/1"}],"replies":[{"embeddable":true,"href":"https:\/\/polskipsychotraumatolog.pl\/index.php?rest_route=%2Fwp%2Fv2%2Fcomments&post=161"}],"version-history":[{"count":13,"href":"https:\/\/polskipsychotraumatolog.pl\/index.php?rest_route=\/wp\/v2\/pages\/161\/revisions"}],"predecessor-version":[{"id":343,"href":"https:\/\/polskipsychotraumatolog.pl\/index.php?rest_route=\/wp\/v2\/pages\/161\/revisions\/343"}],"wp:attachment":[{"href":"https:\/\/polskipsychotraumatolog.pl\/index.php?rest_route=%2Fwp%2Fv2%2Fmedia&parent=161"}],"curies":[{"name":"wp","href":"https:\/\/api.w.org\/{rel}","templated":true}]}}