{"id":110,"date":"2021-03-28T13:10:43","date_gmt":"2021-03-28T11:10:43","guid":{"rendered":"http:\/\/polskipsychotraumatolog.pl\/?page_id=110"},"modified":"2021-04-23T17:09:19","modified_gmt":"2021-04-23T15:09:19","slug":"dla-kogo","status":"publish","type":"page","link":"https:\/\/polskipsychotraumatolog.pl\/?page_id=110","title":{"rendered":"Dla kogo?"},"content":{"rendered":"\n<div class=\"wp-block-image is-style-rounded\"><figure class=\"aligncenter size-large is-resized\"><img loading=\"lazy\" decoding=\"async\" src=\"https:\/\/polskipsychotraumatolog.pl\/wp-content\/uploads\/2021\/03\/shutterstock_326495174-k-1024x1024.jpg\" alt=\"\" class=\"wp-image-128\" width=\"193\" height=\"193\" srcset=\"https:\/\/polskipsychotraumatolog.pl\/wp-content\/uploads\/2021\/03\/shutterstock_326495174-k-1024x1024.jpg 1024w, https:\/\/polskipsychotraumatolog.pl\/wp-content\/uploads\/2021\/03\/shutterstock_326495174-k-300x300.jpg 300w, https:\/\/polskipsychotraumatolog.pl\/wp-content\/uploads\/2021\/03\/shutterstock_326495174-k-150x150.jpg 150w, https:\/\/polskipsychotraumatolog.pl\/wp-content\/uploads\/2021\/03\/shutterstock_326495174-k-768x768.jpg 768w, https:\/\/polskipsychotraumatolog.pl\/wp-content\/uploads\/2021\/03\/shutterstock_326495174-k-1536x1536.jpg 1536w, https:\/\/polskipsychotraumatolog.pl\/wp-content\/uploads\/2021\/03\/shutterstock_326495174-k-2048x2048.jpg 2048w, https:\/\/polskipsychotraumatolog.pl\/wp-content\/uploads\/2021\/03\/shutterstock_326495174-k-100x100.jpg 100w\" sizes=\"auto, (max-width: 193px) 100vw, 193px\" \/><\/figure><\/div>\n\n\n\n<p class=\"has-text-align-center\">Specjalizuj\u0119 si\u0119 w pracy z m\u0142odzie\u017c\u0105 i osobami doros\u0142ymi, kt\u00f3re do\u015bwiadczy\u0142y urazu, wstrz\u0105su psychicznego z powodu zdarzenia trudnego lub traumatycznego. <\/p>\n\n\n\n<h2 class=\"has-text-align-center wp-block-heading\">Celem terapii jest przywr\u00f3cenie r\u00f3wnowagi po zdarzeniach takich jak: <\/h2>\n\n\n\n<ul class=\"wp-block-list\"><li>wypadek samochodowy,<\/li><li>przemoc seksualna,<\/li><li>zgwa\u0142cenie,<\/li><li>napa\u015b\u0107,<\/li><li>kradzie\u017c,<\/li><li>otrzymanie diagnozy choroby terminalnej,<\/li><li>inna sytuacja zagro\u017cenia \u017cycia lub zdrowia,<\/li><li>nag\u0142a \u015bmier\u0107 lub ci\u0119\u017cka choroba osoby bliskiej,<\/li><li>bycie \u015bwiadkiem zdarzenia, w kt\u00f3rym czyje\u015b \u017cycie lub zdrowie by\u0142o zagro\u017cone.<\/li><\/ul>\n\n\n\n<p class=\"has-text-align-center\">Pracuj\u0119 r\u00f3wnie\u017c z osobami zg\u0142aszaj\u0105cymi si\u0119 do mnie z innymi problemami, kt\u00f3re wyst\u0119puj\u0105 niezale\u017cnie lub towarzysz\u0105 zaburzeniom po stresie traumatycznym<strong>. <\/strong><\/p>\n\n\n\n<h2 class=\"has-text-align-center wp-block-heading\">Mam do\u015bwiadczenie w pracy z pacjentami z:<\/h2>\n\n\n\n<ul class=\"wp-block-list\"><li>zaburzeniami od\u017cywiania,<\/li><li>fizyczn\u0105 lub psychiczn\u0105 przemoc\u0105 domow\u0105,<\/li><li>zaburzeniami l\u0119kowymi,<\/li><li>depresj\u0105,<\/li><li>problemami w adaptacji do nowej sytuacji \u017cyciowej,<\/li><li>uzale\u017cnieniami od substancji lub zachowa\u0144,<\/li><li>trudnymi relacjami z bliskimi (obecnymi i przesz\u0142ymi, kt\u00f3re bol\u0105 do dzi\u015b),<\/li><li>b\u00f3lem i innymi odczuciami z cia\u0142a, kt\u00f3rych nie da si\u0119 wyt\u0142umaczy\u0107 medycznie,<\/li><li>samookaleczeniami i innymi formami autoagresji,<\/li><li>natr\u0119tnymi my\u015blami i czynno\u015bciami przymusowymi,<\/li><li>problemami w realizacji w\u0142asnych plan\u00f3w \u017cyciowych,<\/li><li>stresem zwi\u0105zanym z pandemi\u0105 COVID-19<\/li><\/ul>\n\n\n\n<h2 class=\"has-text-align-center wp-block-heading\">Wa\u017cne!<\/h2>\n\n\n\n<p class=\"has-text-align-center\">W moim gabinecie nie ma temat\u00f3w tabu. Ka\u017cda zg\u0142aszaj\u0105ca si\u0119 do mnie osoba ma zapewnion\u0105 poufno\u015b\u0107 (zgodnie z zasadami etyki zawodu psychologa) i akceptacj\u0119, bez wzgl\u0119du na to, z jakim problemem przychodzi i niezale\u017cnie od jej: p\u0142ci, wieku, przesz\u0142o\u015bci, pochodzenia etnicznego, to\u017csamo\u015bci p\u0142ciowej i orientacji seksualnej.<\/p>\n","protected":false},"excerpt":{"rendered":"<p>Specjalizuj\u0119 si\u0119 w pracy z m\u0142odzie\u017c\u0105 i osobami doros\u0142ymi, kt\u00f3re do\u015bwiadczy\u0142y urazu, wstrz\u0105su psychicznego z powodu zdarzenia trudnego lub traumatycznego. Celem terapii jest przywr\u00f3cenie r\u00f3wnowagi po zdarzeniach takich jak: wypadek samochodowy, przemoc seksualna, zgwa\u0142cenie, napa\u015b\u0107, kradzie\u017c, otrzymanie diagnozy choroby terminalnej, inna sytuacja zagro\u017cenia \u017cycia lub zdrowia, nag\u0142a \u015bmier\u0107 lub ci\u0119\u017cka choroba osoby bliskiej, bycie \u015bwiadkiem &hellip; <\/p>\n<p class=\"link-more\"><a href=\"https:\/\/polskipsychotraumatolog.pl\/?page_id=110\" class=\"more-link\">Czytaj dalej<span class=\"screen-reader-text\"> \u201eDla kogo?\u201d<\/span><\/a><\/p>\n","protected":false},"author":1,"featured_media":0,"parent":0,"menu_order":0,"comment_status":"closed","ping_status":"closed","template":"","meta":{"footnotes":""},"class_list":["post-110","page","type-page","status-publish","hentry"],"_links":{"self":[{"href":"https:\/\/polskipsychotraumatolog.pl\/index.php?rest_route=\/wp\/v2\/pages\/110","targetHints":{"allow":["GET"]}}],"collection":[{"href":"https:\/\/polskipsychotraumatolog.pl\/index.php?rest_route=\/wp\/v2\/pages"}],"about":[{"href":"https:\/\/polskipsychotraumatolog.pl\/index.php?rest_route=\/wp\/v2\/types\/page"}],"author":[{"embeddable":true,"href":"https:\/\/polskipsychotraumatolog.pl\/index.php?rest_route=\/wp\/v2\/users\/1"}],"replies":[{"embeddable":true,"href":"https:\/\/polskipsychotraumatolog.pl\/index.php?rest_route=%2Fwp%2Fv2%2Fcomments&post=110"}],"version-history":[{"count":11,"href":"https:\/\/polskipsychotraumatolog.pl\/index.php?rest_route=\/wp\/v2\/pages\/110\/revisions"}],"predecessor-version":[{"id":263,"href":"https:\/\/polskipsychotraumatolog.pl\/index.php?rest_route=\/wp\/v2\/pages\/110\/revisions\/263"}],"wp:attachment":[{"href":"https:\/\/polskipsychotraumatolog.pl\/index.php?rest_route=%2Fwp%2Fv2%2Fmedia&parent=110"}],"curies":[{"name":"wp","href":"https:\/\/api.w.org\/{rel}","templated":true}]}}